{"id":39,"date":"2015-04-08T12:25:16","date_gmt":"2015-04-08T12:25:16","guid":{"rendered":"http:\/\/www.tabletopday.grupohal.com\/?page_id=39"},"modified":"2016-04-23T18:31:37","modified_gmt":"2016-04-23T18:31:37","slug":"actividades","status":"publish","type":"page","link":"http:\/\/www.tabletopday.grupohal.com\/?page_id=39","title":{"rendered":"Actividades"},"content":{"rendered":"<p><a href=\"http:\/\/www.tabletopday.grupohal.com\/wp-content\/uploads\/2015\/04\/ACT1.jpg\"><img loading=\"lazy\" decoding=\"async\" class=\"aligncenter wp-image-40\" src=\"http:\/\/www.tabletopday.grupohal.com\/wp-content\/uploads\/2015\/04\/ACT1.jpg\" alt=\"ACT1\" width=\"413\" height=\"276\" srcset=\"http:\/\/www.tabletopday.grupohal.com\/wp-content\/uploads\/2015\/04\/ACT1.jpg 960w, http:\/\/www.tabletopday.grupohal.com\/wp-content\/uploads\/2015\/04\/ACT1-300x200.jpg 300w\" sizes=\"auto, (max-width: 413px) 100vw, 413px\" \/><\/a><\/p>\n<p>Durante todo el d\u00eda 30 habr\u00e1 actividades en los establecimientos colaboradores. Adem\u00e1s, la calle estar\u00e1 cortada y se habilitar\u00e1n carpas para acoger las actividades de calle.<\/p>\n<h3>Actividades de calle<\/h3>\n<p>Degustaci\u00f3n de vinos, en horario de ma\u00f1ana, por parte de <em>El Rinc\u00f3n del Vino.<\/em>\u00a0Participar\u00e1n las bodegas Bohigas, Pedro Xim\u00e9nez, Palacio de Bornos y Luis Alegre.<\/p>\n<p>La Legi\u00f3n 501 patrullar\u00e1 por la calle y los establecimientos colaboradores durante todo el d\u00eda. \u00a1Aprovecha para sacar las fotos que despertar\u00e1n la envidia de tus amigos!<\/p>\n<p>Y por si fuera poco, autores destacados del mundo del c\u00f3mic como Alfonso Zapico (Premio Nacional) , Kike Infame, I\u00f1aket, Raquel Alzate y Alex Orbe realizar\u00e1n un c\u00f3mic en vivo. \u00bfTe lo vas a perder?<\/p>\n<p>Y m\u00e1s actividades de la mano de Barber\u00eda del Norte o PC-Box. \u00a1No puedes faltar!<\/p>\n<h3>Carpas calle Euskalduna<\/h3>\n<p>Actividades de\u00a0<strong>Cruz Roja<\/strong> para j\u00f3venes.<\/p>\n<p>S\u00e1cate fotos con la Legi\u00f3n 501.<\/p>\n<p>Ludoteca para toda la familia.<\/p>\n<h3><a href=\"http:\/\/www.tabletopday.grupohal.com\/wp-content\/uploads\/2015\/04\/ACT2.jpg\"><img loading=\"lazy\" decoding=\"async\" class=\"alignright wp-image-41\" src=\"http:\/\/www.tabletopday.grupohal.com\/wp-content\/uploads\/2015\/04\/ACT2.jpg\" alt=\"ACT2\" width=\"352\" height=\"234\" srcset=\"http:\/\/www.tabletopday.grupohal.com\/wp-content\/uploads\/2015\/04\/ACT2.jpg 960w, http:\/\/www.tabletopday.grupohal.com\/wp-content\/uploads\/2015\/04\/ACT2-300x200.jpg 300w\" sizes=\"auto, (max-width: 352px) 100vw, 352px\" \/><\/a>Librer\u00eda Joker<\/h3>\n<p>Ludoteca para toda la familia\u00a0de 11:00 h. a 14:00 h. y de 17:00h. a 20:00 h.<br \/>\nCuenta cuentos en ingl\u00e9s de 11:30 h. a 12:00 h. ( 5 &#8211; 6 a\u00f1os ) y de 12:05 h. a 12:35 h. ( 7 &#8211; 8 a\u00f1os ).<br \/>\nCuenta cuentos en castellano y euskera de 18:30 h. a 18:50 h. \u00a0y 19:00 a 19:20 h ( 4 &#8211; 6 a\u00f1os ).<\/p>\n<h3>Zortzi<\/h3>\n<p>Ludoteca para toda la familia\u00a0de 11:00 h. a 14:00 h. y de 17:00 h. a 20:00 h.<\/p>\n<h3>La Machine<\/h3>\n<p>Ludoteca general de 11:00 h. a 13:30 h. y de 17:00 h. a 20:00 h.<\/p>\n<h3>Rifa solidaria<\/h3>\n<p>El International Tabletop Day Bilbao tiene siempre un car\u00e1cter solidario. Por eso podr\u00e9is adquirir n\u00fameros para la rifa de una cesta con productos donados por todos los colaboradores del evento. La recaudaci\u00f3n de esta rifa se donar\u00e1 \u00edntegramente a Cruz Roja Bizkaia. Y si quieres contribuir m\u00e1s, no te olvides de hacer tu aportaci\u00f3n en las huchas que encontrar\u00e1s en los establecimientos colaboradores a partir del mi\u00e9rcoles.<\/p>\n<p><a href=\"http:\/\/www.tabletopday.grupohal.com\/wp-content\/uploads\/2015\/04\/ACT3.jpg\"><img loading=\"lazy\" decoding=\"async\" class=\"aligncenter wp-image-42\" src=\"http:\/\/www.tabletopday.grupohal.com\/wp-content\/uploads\/2015\/04\/ACT3.jpg\" alt=\"ACT3\" width=\"356\" height=\"238\" srcset=\"http:\/\/www.tabletopday.grupohal.com\/wp-content\/uploads\/2015\/04\/ACT3.jpg 960w, http:\/\/www.tabletopday.grupohal.com\/wp-content\/uploads\/2015\/04\/ACT3-300x200.jpg 300w\" sizes=\"auto, (max-width: 356px) 100vw, 356px\" \/><\/a><\/p>\n","protected":false},"excerpt":{"rendered":"<p>Durante todo el d\u00eda 30 habr\u00e1 actividades en los establecimientos colaboradores. Adem\u00e1s, la calle estar\u00e1 cortada y se habilitar\u00e1n carpas para acoger las actividades de calle. Actividades de calle Degustaci\u00f3n de vinos, en horario de ma\u00f1ana, por parte de El&hellip; <a href=\"http:\/\/www.tabletopday.grupohal.com\/?page_id=39\" class=\"more-link\">Continue Reading <span class=\"meta-nav\">&rarr;<\/span><\/a><\/p>\n","protected":false},"author":2,"featured_media":0,"parent":0,"menu_order":0,"comment_status":"open","ping_status":"open","template":"","meta":{"footnotes":""},"class_list":["post-39","page","type-page","status-publish","hentry"],"_links":{"self":[{"href":"http:\/\/www.tabletopday.grupohal.com\/index.php?rest_route=\/wp\/v2\/pages\/39","targetHints":{"allow":["GET"]}}],"collection":[{"href":"http:\/\/www.tabletopday.grupohal.com\/index.php?rest_route=\/wp\/v2\/pages"}],"about":[{"href":"http:\/\/www.tabletopday.grupohal.com\/index.php?rest_route=\/wp\/v2\/types\/page"}],"author":[{"embeddable":true,"href":"http:\/\/www.tabletopday.grupohal.com\/index.php?rest_route=\/wp\/v2\/users\/2"}],"replies":[{"embeddable":true,"href":"http:\/\/www.tabletopday.grupohal.com\/index.php?rest_route=%2Fwp%2Fv2%2Fcomments&post=39"}],"version-history":[{"count":6,"href":"http:\/\/www.tabletopday.grupohal.com\/index.php?rest_route=\/wp\/v2\/pages\/39\/revisions"}],"predecessor-version":[{"id":52,"href":"http:\/\/www.tabletopday.grupohal.com\/index.php?rest_route=\/wp\/v2\/pages\/39\/revisions\/52"}],"wp:attachment":[{"href":"http:\/\/www.tabletopday.grupohal.com\/index.php?rest_route=%2Fwp%2Fv2%2Fmedia&parent=39"}],"curies":[{"name":"wp","href":"https:\/\/api.w.org\/{rel}","templated":true}]}}