{"id":22,"date":"2015-04-03T19:03:03","date_gmt":"2015-04-03T19:03:03","guid":{"rendered":"http:\/\/www.tabletopday.grupohal.com\/?page_id=22"},"modified":"2016-04-23T18:39:08","modified_gmt":"2016-04-23T18:39:08","slug":"colaboradores","status":"publish","type":"page","link":"http:\/\/www.tabletopday.grupohal.com\/?page_id=22","title":{"rendered":"Colaboradores"},"content":{"rendered":"<h3 style=\"text-align: center;\"><em>Estamos actualizando esta p\u00e1gina para incluir a todos los colaboradores de la edici\u00f3n 2016<\/em><\/h3>\n<h3><a title=\"Grupo Hal\" href=\"http:\/\/www.grupohal.com\/\" target=\"_blank\"><img loading=\"lazy\" decoding=\"async\" class=\"aligncenter wp-image-30\" src=\"http:\/\/www.tabletopday.grupohal.com\/wp-content\/uploads\/2015\/04\/grupohal_web_color.jpg\" alt=\"grupohal_web_color\" width=\"172\" height=\"172\" srcset=\"http:\/\/www.tabletopday.grupohal.com\/wp-content\/uploads\/2015\/04\/grupohal_web_color.jpg 300w, http:\/\/www.tabletopday.grupohal.com\/wp-content\/uploads\/2015\/04\/grupohal_web_color-150x150.jpg 150w, http:\/\/www.tabletopday.grupohal.com\/wp-content\/uploads\/2015\/04\/grupohal_web_color-50x50.jpg 50w\" sizes=\"auto, (max-width: 172px) 100vw, 172px\" \/><\/a><\/h3>\n<h3>Grupo Hal<\/h3>\n<p>Grupo Hal es una empresa\u00a0cuya misi\u00f3n es crear espacios y eventos de ocio de calidad centrados en la interacci\u00f3n entre los participantes, ya sean con fines educativos, de formaci\u00f3n, de intervenci\u00f3n terap\u00e9utica o puramente l\u00fadicos ofreciendo alternativas para todas las edades y p\u00fablicos.\u00a0Utilizan el juego para ense\u00f1ar, formar o intervenir terap\u00e9uticamente y crean espacios de ocio para todas las edades.<\/p>\n<p>&nbsp;<\/p>\n<p><a title=\"Librer\u00eda Joker\" href=\"http:\/\/www.jokercomics.es\/\" target=\"_blank\"><img loading=\"lazy\" decoding=\"async\" class=\"aligncenter size-full wp-image-32\" src=\"http:\/\/www.tabletopday.grupohal.com\/wp-content\/uploads\/2015\/04\/logotipo.jpg\" alt=\"logotipo\" width=\"396\" height=\"115\" srcset=\"http:\/\/www.tabletopday.grupohal.com\/wp-content\/uploads\/2015\/04\/logotipo.jpg 396w, http:\/\/www.tabletopday.grupohal.com\/wp-content\/uploads\/2015\/04\/logotipo-300x87.jpg 300w\" sizes=\"auto, (max-width: 396px) 100vw, 396px\" \/><\/a><\/p>\n<h3>Librer\u00eda Joker<\/h3>\n<p>La librer\u00eda Joker abri\u00f3 por primera vez sus puertas el 21 de octubre de 1994 en el bilba\u00edno barrio de Santutxu, cuando todav\u00eda el metro no era m\u00e1s que unas molestas obras por toda la ciudad y el proyecto de moneda \u00fanica respond\u00eda al nombre de ECU.<\/p>\n<p>Desde sus modestos comienzos, Joker ha tenido dos ejes vertebradores, el c\u00f3mic y el mundo de los juegos. Actualmente han unificado estos dos espacios en una superficie de m\u00e1s de 300 m2.<\/p>\n<p>&nbsp;<\/p>\n<p><a title=\"Librer\u00eda C\u00e1mara\" href=\"https:\/\/www.facebook.com\/pages\/Librer%C3%ADa-C%C3%A1mara\/376191062399949\" target=\"_blank\"><img loading=\"lazy\" decoding=\"async\" class=\"aligncenter wp-image-27\" src=\"http:\/\/www.tabletopday.grupohal.com\/wp-content\/uploads\/2015\/04\/molinilloconrotuloverde.jpg\" alt=\"molinilloconrotuloverde\" width=\"225\" height=\"160\" srcset=\"http:\/\/www.tabletopday.grupohal.com\/wp-content\/uploads\/2015\/04\/molinilloconrotuloverde.jpg 710w, http:\/\/www.tabletopday.grupohal.com\/wp-content\/uploads\/2015\/04\/molinilloconrotuloverde-300x213.jpg 300w\" sizes=\"auto, (max-width: 225px) 100vw, 225px\" \/><\/a><\/p>\n<h3>Librer\u00eda C\u00e1mara<\/h3>\n<p>La librer\u00eda C\u00e1mara es una librer\u00eda familiar de toda la vida de Bilbao que lucha por que las buenas novelas y las editoriales independientes sobresalgan entre\u00a0la marabunta editorial existente.<\/p>\n<p>&nbsp;<\/p>\n<p><img loading=\"lazy\" decoding=\"async\" class=\"aligncenter wp-image-25\" src=\"http:\/\/www.tabletopday.grupohal.com\/wp-content\/uploads\/2015\/04\/logo-cafe.jpg\" alt=\"logo cafe\" width=\"384\" height=\"118\" srcset=\"http:\/\/www.tabletopday.grupohal.com\/wp-content\/uploads\/2015\/04\/logo-cafe.jpg 3276w, http:\/\/www.tabletopday.grupohal.com\/wp-content\/uploads\/2015\/04\/logo-cafe-300x92.jpg 300w, http:\/\/www.tabletopday.grupohal.com\/wp-content\/uploads\/2015\/04\/logo-cafe-1024x315.jpg 1024w\" sizes=\"auto, (max-width: 384px) 100vw, 384px\" \/><\/p>\n<h3>Cafeter\u00eda Zortzi<\/h3>\n<p>Una cafeter\u00eda peque\u00f1a, pero en la que te sentir\u00e1s como en casa degustando su buen caf\u00e9 y sus buenos vinos.<\/p>\n<p>&nbsp;<\/p>\n<p><img loading=\"lazy\" decoding=\"async\" class=\"aligncenter wp-image-23\" src=\"http:\/\/www.tabletopday.grupohal.com\/wp-content\/uploads\/2015\/04\/la-machine.jpg\" alt=\"la machine\" width=\"347\" height=\"128\" srcset=\"http:\/\/www.tabletopday.grupohal.com\/wp-content\/uploads\/2015\/04\/la-machine.jpg 1005w, http:\/\/www.tabletopday.grupohal.com\/wp-content\/uploads\/2015\/04\/la-machine-300x111.jpg 300w\" sizes=\"auto, (max-width: 347px) 100vw, 347px\" \/><\/p>\n<h3>Restaurante La Machine<\/h3>\n<p>La Cafeter\u00eda Restaurante La Machine, ubicado en Bilbao, ofrece una cocina tradicional y casera elaborada con los productos de la regi\u00f3n. Tambi\u00e9n\u00a0dispone de men\u00fa del d\u00eda.<\/p>\n<p>&nbsp;<\/p>\n<p><a title=\"Ikeder\" href=\"http:\/\/ikederonline.es\/\" target=\"_blank\"><img loading=\"lazy\" decoding=\"async\" class=\"aligncenter wp-image-31\" src=\"http:\/\/www.tabletopday.grupohal.com\/wp-content\/uploads\/2015\/04\/ikeder.jpg\" alt=\"ikeder\" width=\"394\" height=\"154\" srcset=\"http:\/\/www.tabletopday.grupohal.com\/wp-content\/uploads\/2015\/04\/ikeder.jpg 923w, http:\/\/www.tabletopday.grupohal.com\/wp-content\/uploads\/2015\/04\/ikeder-300x117.jpg 300w\" sizes=\"auto, (max-width: 394px) 100vw, 394px\" \/><\/a><\/p>\n<h3>Ikeder<\/h3>\n<p>Ikeder SL<b>\u00a0<\/b>es la empresa pionera del Pa\u00eds Vasco dedicada al Dise\u00f1o, Ejecuci\u00f3n y Gesti\u00f3n de Servicios Culturales. Actualmente cuenta con un nutrido equipo de dise\u00f1adores gr\u00e1ficos, historiadores y licenciados en biblioteconom\u00eda y museograf\u00eda.<\/p>\n<p>Dentro del amplio campo en el que se desenvuelve, su actividad mantiene un indudable liderazgo en el sector museogr\u00e1fico y de montaje de exposiciones, siendo la empresa que m\u00e1s establecimientos muse\u00edsticos ha proyectado y ha puesto en funcionamiento.<\/p>\n<p>&nbsp;<\/p>\n<p><a title=\"Legi\u00f3n 501 - Spanish Garrison\" href=\"http:\/\/www.legion501.com\/\" target=\"_blank\"><img loading=\"lazy\" decoding=\"async\" class=\"aligncenter wp-image-24\" src=\"http:\/\/www.tabletopday.grupohal.com\/wp-content\/uploads\/2015\/04\/Legion-501.jpg\" alt=\"Legion 501\" width=\"250\" height=\"231\" srcset=\"http:\/\/www.tabletopday.grupohal.com\/wp-content\/uploads\/2015\/04\/Legion-501.jpg 584w, http:\/\/www.tabletopday.grupohal.com\/wp-content\/uploads\/2015\/04\/Legion-501-300x277.jpg 300w\" sizes=\"auto, (max-width: 250px) 100vw, 250px\" \/><\/a><\/p>\n<h3>Legi\u00f3n 501 &#8211; Spanish Garrison<\/h3>\n<p>Fundada en Junio de 2004 por Guillermo Besada, TK 3503, la Spanish Garrison (guarnici\u00f3n imperial) de la Legi\u00f3n 501 ha participado en numerosos eventos como el Festival Internacional de Cine Fant\u00e1stico de Sitges 2004, que acogi\u00f3 la STAR WARS Conference Sitges 2004, al que acudieron personajes como Dave Prowse, Lider honor\u00edfico oficial de la Legi\u00f3n 501, que interpret\u00f3 a Darth Vader la trilog\u00eda original; Jeremmy Bulloch, que ha interpretado a varios personajes, siendo el m\u00e1s conocido y querido el cazarrecompensas Boba Fett ; y Steve Sansweet, Director of Content Management del Departamento de Marketing de Lucasfilm, autor de numerosas publicaciones sobre STAR WARS, director de relaciones p\u00fablicas con los fans de Lucasfilm y el mayor coleccionista de STAR WARS.<\/p>\n<p>La Legi\u00f3n 501- Spanish Garrison tambien ha unido sus fuerzas con la Cruz Roja para la recaudaci\u00f3n de fondos destinados a los ni\u00f1os m\u00e1s necesitados. Somos el primer club de fans de STAR WARS en Espa\u00f1a que no s\u00f3lo hemos colaborado con una organizaci\u00f3n ben\u00e9fica en la recaudaci\u00f3n de fondos, o hemos visitado hospitales infantiles.<\/p>\n<p>&nbsp;<\/p>\n<p><a title=\"EDGE Entertainment\" href=\"http:\/\/www.edgeent.com\/\" target=\"_blank\"><img loading=\"lazy\" decoding=\"async\" class=\"aligncenter size-full wp-image-26\" src=\"http:\/\/www.tabletopday.grupohal.com\/wp-content\/uploads\/2015\/04\/Logo-edge.jpg\" alt=\"Logo edge\" width=\"355\" height=\"175\" srcset=\"http:\/\/www.tabletopday.grupohal.com\/wp-content\/uploads\/2015\/04\/Logo-edge.jpg 355w, http:\/\/www.tabletopday.grupohal.com\/wp-content\/uploads\/2015\/04\/Logo-edge-300x148.jpg 300w\" sizes=\"auto, (max-width: 355px) 100vw, 355px\" \/><\/a><\/p>\n<h3>Edge Entertainment<\/h3>\n<p>Edge Entertainment es una editorial dist\u00f3pica dedicada a la publicaci\u00f3n interdimensional de juegos y libros que desaf\u00edan la realidad.<\/p>\n<p>A d\u00eda de hoy, Edge Entertainment cuenta con un variado cat\u00e1logo de juegos donde podr\u00e1s encontrar todas las categor\u00edas l\u00fadicas imaginables. Asimismo, dispone de notorios t\u00edtulos basados en los m\u00e1s celebrados universos de la ficci\u00f3n y el cine como <em>Star Wars<\/em>, <em>El Se\u00f1or de los Anillos<\/em>, <em>Juego de Tronos<\/em> o <em>Los Mitos de Cthulhu<\/em>.<\/p>\n<p>&nbsp;<\/p>\n<p><a title=\"Asmodee\" href=\"http:\/\/es.asmodee.com\/\" target=\"_blank\"><img loading=\"lazy\" decoding=\"async\" class=\"aligncenter wp-image-28\" src=\"http:\/\/www.tabletopday.grupohal.com\/wp-content\/uploads\/2015\/04\/asmodee.png\" alt=\"asmodee\" width=\"318\" height=\"318\" srcset=\"http:\/\/www.tabletopday.grupohal.com\/wp-content\/uploads\/2015\/04\/asmodee.png 1181w, http:\/\/www.tabletopday.grupohal.com\/wp-content\/uploads\/2015\/04\/asmodee-150x150.png 150w, http:\/\/www.tabletopday.grupohal.com\/wp-content\/uploads\/2015\/04\/asmodee-300x300.png 300w, http:\/\/www.tabletopday.grupohal.com\/wp-content\/uploads\/2015\/04\/asmodee-1024x1024.png 1024w, http:\/\/www.tabletopday.grupohal.com\/wp-content\/uploads\/2015\/04\/asmodee-50x50.png 50w\" sizes=\"auto, (max-width: 318px) 100vw, 318px\" \/><\/a><\/p>\n<h3><\/h3>\n","protected":false},"excerpt":{"rendered":"<p>Estamos actualizando esta p\u00e1gina para incluir a todos los colaboradores de la edici\u00f3n 2016 Grupo Hal Grupo Hal es una empresa\u00a0cuya misi\u00f3n es crear espacios y eventos de ocio de calidad centrados en la interacci\u00f3n entre los participantes, ya sean&hellip; <a href=\"http:\/\/www.tabletopday.grupohal.com\/?page_id=22\" class=\"more-link\">Continue Reading <span class=\"meta-nav\">&rarr;<\/span><\/a><\/p>\n","protected":false},"author":2,"featured_media":0,"parent":0,"menu_order":0,"comment_status":"open","ping_status":"open","template":"","meta":{"footnotes":""},"class_list":["post-22","page","type-page","status-publish","hentry"],"_links":{"self":[{"href":"http:\/\/www.tabletopday.grupohal.com\/index.php?rest_route=\/wp\/v2\/pages\/22","targetHints":{"allow":["GET"]}}],"collection":[{"href":"http:\/\/www.tabletopday.grupohal.com\/index.php?rest_route=\/wp\/v2\/pages"}],"about":[{"href":"http:\/\/www.tabletopday.grupohal.com\/index.php?rest_route=\/wp\/v2\/types\/page"}],"author":[{"embeddable":true,"href":"http:\/\/www.tabletopday.grupohal.com\/index.php?rest_route=\/wp\/v2\/users\/2"}],"replies":[{"embeddable":true,"href":"http:\/\/www.tabletopday.grupohal.com\/index.php?rest_route=%2Fwp%2Fv2%2Fcomments&post=22"}],"version-history":[{"count":3,"href":"http:\/\/www.tabletopday.grupohal.com\/index.php?rest_route=\/wp\/v2\/pages\/22\/revisions"}],"predecessor-version":[{"id":59,"href":"http:\/\/www.tabletopday.grupohal.com\/index.php?rest_route=\/wp\/v2\/pages\/22\/revisions\/59"}],"wp:attachment":[{"href":"http:\/\/www.tabletopday.grupohal.com\/index.php?rest_route=%2Fwp%2Fv2%2Fmedia&parent=22"}],"curies":[{"name":"wp","href":"https:\/\/api.w.org\/{rel}","templated":true}]}}