{"id":15,"date":"2015-03-15T21:56:05","date_gmt":"2015-03-15T21:56:05","guid":{"rendered":"http:\/\/www.tabletopday.grupohal.com\/?page_id=15"},"modified":"2015-03-30T03:50:12","modified_gmt":"2015-03-30T03:50:12","slug":"como-llegar","status":"publish","type":"page","link":"http:\/\/www.tabletopday.grupohal.com\/?page_id=15","title":{"rendered":"C\u00f3mo llegar"},"content":{"rendered":"<p><a title=\"Evento ITTD Bilbao 2015\" href=\"https:\/\/www.facebook.com\/events\/841463009246786\/\" target=\"_blank\">TableTop Day Bilbao<\/a> se celebrar\u00e1 el pr\u00f3ximo 11 de abril en la calle Euskalduna de Bilbao, organizado por <a title=\"Grupo Hal\" href=\"http:\/\/www.grupohal.com\/\" target=\"_blank\">Grupo Hal<\/a>, en colaboraci\u00f3n con <a title=\"Librer\u00eda Joker\" href=\"http:\/\/www.jokercomics.es\/\" target=\"_blank\">Librer\u00eda Joker<\/a>, <a title=\"Librer\u00eda C\u00e1mara\" href=\"https:\/\/www.facebook.com\/pages\/Librer%C3%ADa-C%C3%A1mara\/376191062399949\" target=\"_blank\">Librer\u00eda C\u00e1mara<\/a>, Cafeter\u00eda Zortzi y Cervecer\u00eda La Machine. \u00a1No te lo puedes perder!<br \/>\n<iframe loading=\"lazy\" style=\"border: 0;\" src=\"https:\/\/www.google.com\/maps\/embed?pb=!1m18!1m12!1m3!1d726.406792999816!2d-2.9322599999999754!3d43.25923500000001!2m3!1f0!2f0!3f0!3m2!1i1024!2i768!4f13.1!3m3!1m2!1s0xd4e4fd6c1239127%3A0x66fc0d3212cba40f!2sLibrer%C3%ADa+Joker!5e0!3m2!1ses!2ses!4v1426456312178\" width=\"600\" height=\"450\" frameborder=\"0\"><\/iframe><\/p>\n","protected":false},"excerpt":{"rendered":"<p>TableTop Day Bilbao se celebrar\u00e1 el pr\u00f3ximo 11 de abril en la calle Euskalduna de Bilbao, organizado por Grupo Hal, en colaboraci\u00f3n con Librer\u00eda Joker, Librer\u00eda C\u00e1mara, Cafeter\u00eda Zortzi y Cervecer\u00eda La Machine. \u00a1No te lo puedes perder!<\/p>\n","protected":false},"author":2,"featured_media":0,"parent":0,"menu_order":1,"comment_status":"closed","ping_status":"closed","template":"","meta":{"footnotes":""},"class_list":["post-15","page","type-page","status-publish","hentry"],"_links":{"self":[{"href":"http:\/\/www.tabletopday.grupohal.com\/index.php?rest_route=\/wp\/v2\/pages\/15","targetHints":{"allow":["GET"]}}],"collection":[{"href":"http:\/\/www.tabletopday.grupohal.com\/index.php?rest_route=\/wp\/v2\/pages"}],"about":[{"href":"http:\/\/www.tabletopday.grupohal.com\/index.php?rest_route=\/wp\/v2\/types\/page"}],"author":[{"embeddable":true,"href":"http:\/\/www.tabletopday.grupohal.com\/index.php?rest_route=\/wp\/v2\/users\/2"}],"replies":[{"embeddable":true,"href":"http:\/\/www.tabletopday.grupohal.com\/index.php?rest_route=%2Fwp%2Fv2%2Fcomments&post=15"}],"version-history":[{"count":1,"href":"http:\/\/www.tabletopday.grupohal.com\/index.php?rest_route=\/wp\/v2\/pages\/15\/revisions"}],"predecessor-version":[{"id":16,"href":"http:\/\/www.tabletopday.grupohal.com\/index.php?rest_route=\/wp\/v2\/pages\/15\/revisions\/16"}],"wp:attachment":[{"href":"http:\/\/www.tabletopday.grupohal.com\/index.php?rest_route=%2Fwp%2Fv2%2Fmedia&parent=15"}],"curies":[{"name":"wp","href":"https:\/\/api.w.org\/{rel}","templated":true}]}}